{"id":80,"date":"2019-11-11T17:38:05","date_gmt":"2019-11-11T16:38:05","guid":{"rendered":"https:\/\/stormlogic.pl\/?page_id=80"},"modified":"2021-06-18T20:25:53","modified_gmt":"2021-06-18T18:25:53","slug":"apki","status":"publish","type":"page","link":"https:\/\/stormlogic.pl\/english\/apki","title":{"rendered":"Applications"},"content":{"rendered":"<p><\/p>\n\n\n\n<div class=\"wp-block-columns has-2-columns\">\n<div class=\"wp-block-column\">\n<p class=\"has-medium-font-size\">Home Pharmacy app<\/p>\n\n\n\n<div class=\"wp-block-image\"><figure class=\"alignleft is-resized\"><img loading=\"lazy\" src=\"https:\/\/stormlogic.pl\/wp-content\/uploads\/2019\/11\/logo.png\" alt=\"\" class=\"wp-image-81\" width=\"125\" height=\"126\" srcset=\"https:\/\/stormlogic.pl\/wp-content\/uploads\/2019\/11\/logo.png 248w, https:\/\/stormlogic.pl\/wp-content\/uploads\/2019\/11\/logo-150x150.png 150w, https:\/\/stormlogic.pl\/wp-content\/uploads\/2019\/11\/logo-100x100.png 100w\" sizes=\"(max-width: 125px) 100vw, 125px\" \/><\/figure><\/div>\n\n\n\n<p><a href=\"https:\/\/stormlogic.pl\/english\/homepharmacy\/\">See details<\/a><\/p>\n\n\n\n<p><a href=\"https:\/\/play.google.com\/store\/apps\/details?id=com.miloszdobrowolski.homepharmacy\">Google <\/a><a href=\"https:\/\/play.google.com\/store\/apps\/details?id=com.miloszdobrowolski.homepharmacy\" target=\"_blank\" rel=\"noreferrer noopener\" aria-label=\"S (opens in a new tab)\">S<\/a><a href=\"https:\/\/play.google.com\/store\/apps\/details?id=com.miloszdobrowolski.homepharmacy\">tore page<\/a><\/p>\n<\/div>\n\n\n\n<div class=\"wp-block-column\">\n<p class=\"has-medium-font-size\">Budget yourself rich<\/p>\n\n\n\n<div class=\"wp-block-image\"><figure class=\"alignleft is-resized\"><img loading=\"lazy\" src=\"https:\/\/stormlogic.pl\/wp-content\/uploads\/2019\/11\/money_bag_with_bg.png\" alt=\"\" class=\"wp-image-84\" width=\"122\" height=\"122\" srcset=\"https:\/\/stormlogic.pl\/wp-content\/uploads\/2019\/11\/money_bag_with_bg.png 512w, https:\/\/stormlogic.pl\/wp-content\/uploads\/2019\/11\/money_bag_with_bg-150x150.png 150w, https:\/\/stormlogic.pl\/wp-content\/uploads\/2019\/11\/money_bag_with_bg-300x300.png 300w, https:\/\/stormlogic.pl\/wp-content\/uploads\/2019\/11\/money_bag_with_bg-100x100.png 100w\" sizes=\"(max-width: 122px) 100vw, 122px\" \/><\/figure><\/div>\n\n\n\n<p><a href=\"https:\/\/stormlogic.pl\/english\/budget-yourself-rich\/\">See details<\/a><\/p>\n\n\n\n<p><a href=\"https:\/\/play.google.com\/store\/apps\/details?id=com.miloszdobrowolski.icanbewealthy\" target=\"_blank\" rel=\"noreferrer noopener\" aria-label=\" (opens in a new tab)\">Google store page<\/a><\/p>\n<\/div>\n<\/div>\n\n\n\n<div class=\"wp-block-columns\">\n<div class=\"wp-block-column\">\n<p class=\"has-medium-font-size\">Investobot<\/p>\n\n\n\n<div class=\"wp-block-image\"><figure class=\"alignleft size-large\"><img loading=\"lazy\" width=\"160\" height=\"160\" src=\"https:\/\/stormlogic.pl\/wp-content\/uploads\/2021\/06\/ic_launcher_foreground.png\" alt=\"\" class=\"wp-image-113\" srcset=\"https:\/\/stormlogic.pl\/wp-content\/uploads\/2021\/06\/ic_launcher_foreground.png 160w, https:\/\/stormlogic.pl\/wp-content\/uploads\/2021\/06\/ic_launcher_foreground-150x150.png 150w, https:\/\/stormlogic.pl\/wp-content\/uploads\/2021\/06\/ic_launcher_foreground-100x100.png 100w\" sizes=\"(max-width: 160px) 100vw, 160px\" \/><\/figure><\/div>\n\n\n\n<div class=\"wp-block-file\"><a href=\"https:\/\/stormlogic.pl\/wp-content\/uploads\/2021\/06\/investobot.zip\">Investobot<\/a><a href=\"https:\/\/stormlogic.pl\/wp-content\/uploads\/2021\/06\/investobot.zip\" class=\"wp-block-file__button\" download>Download<\/a><\/div>\n\n\n\n<p><\/p>\n\n\n\n<p><\/p>\n<\/div>\n\n\n\n<div class=\"wp-block-column\"><\/div>\n<\/div>","protected":false},"excerpt":{"rendered":"<p>Home Pharmacy app Poznaj szczeg\u00f3\u0142y Google Store page Budget yourself rich Poznaj szczeg\u00f3\u0142y Google store page Investobot<\/p>","protected":false},"author":1,"featured_media":0,"parent":0,"menu_order":0,"comment_status":"closed","ping_status":"closed","template":"","meta":[],"_links":{"self":[{"href":"https:\/\/stormlogic.pl\/english\/wp-json\/wp\/v2\/pages\/80"}],"collection":[{"href":"https:\/\/stormlogic.pl\/english\/wp-json\/wp\/v2\/pages"}],"about":[{"href":"https:\/\/stormlogic.pl\/english\/wp-json\/wp\/v2\/types\/page"}],"author":[{"embeddable":true,"href":"https:\/\/stormlogic.pl\/english\/wp-json\/wp\/v2\/users\/1"}],"replies":[{"embeddable":true,"href":"https:\/\/stormlogic.pl\/english\/wp-json\/wp\/v2\/comments?post=80"}],"version-history":[{"count":8,"href":"https:\/\/stormlogic.pl\/english\/wp-json\/wp\/v2\/pages\/80\/revisions"}],"predecessor-version":[{"id":116,"href":"https:\/\/stormlogic.pl\/english\/wp-json\/wp\/v2\/pages\/80\/revisions\/116"}],"wp:attachment":[{"href":"https:\/\/stormlogic.pl\/english\/wp-json\/wp\/v2\/media?parent=80"}],"curies":[{"name":"wp","href":"https:\/\/api.w.org\/{rel}","templated":true}]}}