{"id":59,"date":"2019-09-16T22:42:49","date_gmt":"2019-09-16T20:42:49","guid":{"rendered":"http:\/\/stormlogic.pl\/?page_id=59"},"modified":"2019-11-11T17:58:18","modified_gmt":"2019-11-11T16:58:18","slug":"homepharmacy","status":"publish","type":"page","link":"https:\/\/stormlogic.pl\/english\/homepharmacy","title":{"rendered":"Home Pharmacy"},"content":{"rendered":"<figure class=\"wp-block-embed-youtube wp-block-embed is-type-video is-provider-youtube wp-embed-aspect-16-9 wp-has-aspect-ratio\"><div class=\"wp-block-embed__wrapper\">\n<iframe loading=\"lazy\" title=\"Home Pharmacy Your home drugs under control!\" width=\"525\" height=\"295\" src=\"https:\/\/www.youtube.com\/embed\/J-QkiD75xNA?feature=oembed\" frameborder=\"0\" allow=\"accelerometer; autoplay; encrypted-media; gyroscope; picture-in-picture\" allowfullscreen><\/iframe>\n<\/div><\/figure>\n\n\n\n<p>Home Pharmacy is an app that helps You keep Your medicine under control \ud83d\ude42<\/p>\n\n\n\n<p class=\"has-text-color has-background has-vivid-green-cyan-color has-very-dark-gray-background-color\">Ever faced a situation when You bought a drug a doctor prescribed only to find few of those already in Your home first aid kit?<\/p>\n\n\n\n<p class=\"has-text-color has-background has-vivid-red-color has-very-dark-gray-background-color\">Or suddenly found out that You run out of daily prescribed drug?<\/p>\n\n\n\n<p class=\"has-text-color has-background has-luminous-vivid-amber-color has-very-dark-gray-background-color\">Or forgot to take a prescribed drug?<\/p>\n\n\n\n<p>Home Pharmacy app will solve all of these problems.<\/p>\n\n\n\n<ul><li>1. You can define drug names and drug variants (like Vitamin C \u2013 1000 mg, 1500 mg, etc.).<\/li><li>2. You can define that some drugs can replace others. You can then keep information about which packages of drugs You have \u2013 either manually, or by scanning barcodes. You can also enter information about their validity.<\/li><li>4. You can add schedules \u2013 with information which drugs at which times You need to take, and have application automatically decrease the number of that drug, remind You about the dosage.<\/li><\/ul>\n\n\n\n<p>Features summary:<\/p>\n\n\n\n<ul><li>- Keep information about drug quantities you have in Your home first aid kit<\/li><li>- Be alerted when drug validity runs out<\/li><li>- Be alerted when You\u2019re running low on a certain drug<\/li><li>- Be alerted when its time to take Your drug (one time, or with any cycle)<\/li><li>- Automatically decrease the drugs You take regularly<\/li><\/ul>\n\n\n\n<div class=\"wp-block-image\"><figure class=\"aligncenter is-resized\"><a href=\"https:\/\/play.google.com\/store\/apps\/details?id=com.miloszdobrowolski.homepharmacy\"><img loading=\"lazy\" src=\"http:\/\/stormlogic.pl\/wp-content\/uploads\/2019\/09\/google-play-badge.png\" alt=\"\" class=\"wp-image-60\" width=\"122\" height=\"122\" srcset=\"https:\/\/stormlogic.pl\/wp-content\/uploads\/2019\/09\/google-play-badge.png 256w, https:\/\/stormlogic.pl\/wp-content\/uploads\/2019\/09\/google-play-badge-150x150.png 150w, https:\/\/stormlogic.pl\/wp-content\/uploads\/2019\/09\/google-play-badge-100x100.png 100w\" sizes=\"(max-width: 122px) 100vw, 122px\" \/><\/a><figcaption>Get it for FREE!<\/figcaption><\/figure><\/div>\n\n\n\n<ul class=\"wp-block-gallery columns-3 is-cropped\"><li class=\"blocks-gallery-item\"><figure><img loading=\"lazy\" width=\"576\" height=\"1024\" src=\"http:\/\/stormlogic.pl\/wp-content\/uploads\/2019\/09\/1_Main_menu_pol-576x1024.png\" alt=\"\" data-id=\"62\" data-link=\"http:\/\/stormlogic.pl\/aplikacje\/1_main_menu_pol\" class=\"wp-image-62\" srcset=\"https:\/\/stormlogic.pl\/wp-content\/uploads\/2019\/09\/1_Main_menu_pol-576x1024.png 576w, https:\/\/stormlogic.pl\/wp-content\/uploads\/2019\/09\/1_Main_menu_pol-169x300.png 169w, https:\/\/stormlogic.pl\/wp-content\/uploads\/2019\/09\/1_Main_menu_pol-768x1365.png 768w, https:\/\/stormlogic.pl\/wp-content\/uploads\/2019\/09\/1_Main_menu_pol.png 1440w\" sizes=\"(max-width: 576px) 100vw, 576px\" \/><\/figure><\/li><li class=\"blocks-gallery-item\"><figure><img loading=\"lazy\" width=\"576\" height=\"1024\" src=\"http:\/\/stormlogic.pl\/wp-content\/uploads\/2019\/09\/2_Desktop_schedule_pol-576x1024.png\" alt=\"\" data-id=\"63\" data-link=\"http:\/\/stormlogic.pl\/aplikacje\/2_desktop_schedule_pol\" class=\"wp-image-63\" srcset=\"https:\/\/stormlogic.pl\/wp-content\/uploads\/2019\/09\/2_Desktop_schedule_pol-576x1024.png 576w, https:\/\/stormlogic.pl\/wp-content\/uploads\/2019\/09\/2_Desktop_schedule_pol-169x300.png 169w, https:\/\/stormlogic.pl\/wp-content\/uploads\/2019\/09\/2_Desktop_schedule_pol-768x1365.png 768w, https:\/\/stormlogic.pl\/wp-content\/uploads\/2019\/09\/2_Desktop_schedule_pol.png 1440w\" sizes=\"(max-width: 576px) 100vw, 576px\" \/><\/figure><\/li><li class=\"blocks-gallery-item\"><figure><img loading=\"lazy\" width=\"576\" height=\"1024\" src=\"http:\/\/stormlogic.pl\/wp-content\/uploads\/2019\/09\/3_Packages_list_pol-576x1024.png\" alt=\"\" data-id=\"64\" data-link=\"http:\/\/stormlogic.pl\/aplikacje\/3_packages_list_pol\" class=\"wp-image-64\" srcset=\"https:\/\/stormlogic.pl\/wp-content\/uploads\/2019\/09\/3_Packages_list_pol-576x1024.png 576w, https:\/\/stormlogic.pl\/wp-content\/uploads\/2019\/09\/3_Packages_list_pol-169x300.png 169w, https:\/\/stormlogic.pl\/wp-content\/uploads\/2019\/09\/3_Packages_list_pol-768x1365.png 768w, https:\/\/stormlogic.pl\/wp-content\/uploads\/2019\/09\/3_Packages_list_pol.png 1440w\" sizes=\"(max-width: 576px) 100vw, 576px\" \/><\/figure><\/li><li class=\"blocks-gallery-item\"><figure><img loading=\"lazy\" width=\"576\" height=\"1024\" src=\"http:\/\/stormlogic.pl\/wp-content\/uploads\/2019\/09\/4_Drug_types_edit_pol-576x1024.png\" alt=\"\" data-id=\"65\" data-link=\"http:\/\/stormlogic.pl\/aplikacje\/4_drug_types_edit_pol\" class=\"wp-image-65\" srcset=\"https:\/\/stormlogic.pl\/wp-content\/uploads\/2019\/09\/4_Drug_types_edit_pol-576x1024.png 576w, https:\/\/stormlogic.pl\/wp-content\/uploads\/2019\/09\/4_Drug_types_edit_pol-169x300.png 169w, https:\/\/stormlogic.pl\/wp-content\/uploads\/2019\/09\/4_Drug_types_edit_pol-768x1365.png 768w, https:\/\/stormlogic.pl\/wp-content\/uploads\/2019\/09\/4_Drug_types_edit_pol.png 1440w\" sizes=\"(max-width: 576px) 100vw, 576px\" \/><\/figure><\/li><li class=\"blocks-gallery-item\"><figure><img loading=\"lazy\" width=\"576\" height=\"1024\" src=\"http:\/\/stormlogic.pl\/wp-content\/uploads\/2019\/09\/5_Desktop_pol-576x1024.png\" alt=\"\" data-id=\"66\" data-link=\"http:\/\/stormlogic.pl\/aplikacje\/5_desktop_pol\" class=\"wp-image-66\" srcset=\"https:\/\/stormlogic.pl\/wp-content\/uploads\/2019\/09\/5_Desktop_pol-576x1024.png 576w, https:\/\/stormlogic.pl\/wp-content\/uploads\/2019\/09\/5_Desktop_pol-169x300.png 169w, https:\/\/stormlogic.pl\/wp-content\/uploads\/2019\/09\/5_Desktop_pol-768x1365.png 768w, https:\/\/stormlogic.pl\/wp-content\/uploads\/2019\/09\/5_Desktop_pol.png 1440w\" sizes=\"(max-width: 576px) 100vw, 576px\" \/><\/figure><\/li><li class=\"blocks-gallery-item\"><figure><img loading=\"lazy\" width=\"576\" height=\"1024\" src=\"http:\/\/stormlogic.pl\/wp-content\/uploads\/2019\/09\/6_Schedule_edit_pol-576x1024.png\" alt=\"\" data-id=\"67\" data-link=\"http:\/\/stormlogic.pl\/aplikacje\/6_schedule_edit_pol\" class=\"wp-image-67\" srcset=\"https:\/\/stormlogic.pl\/wp-content\/uploads\/2019\/09\/6_Schedule_edit_pol-576x1024.png 576w, https:\/\/stormlogic.pl\/wp-content\/uploads\/2019\/09\/6_Schedule_edit_pol-169x300.png 169w, https:\/\/stormlogic.pl\/wp-content\/uploads\/2019\/09\/6_Schedule_edit_pol-768x1365.png 768w, https:\/\/stormlogic.pl\/wp-content\/uploads\/2019\/09\/6_Schedule_edit_pol.png 1440w\" sizes=\"(max-width: 576px) 100vw, 576px\" \/><\/figure><\/li><li class=\"blocks-gallery-item\"><figure><img loading=\"lazy\" width=\"576\" height=\"1024\" src=\"http:\/\/stormlogic.pl\/wp-content\/uploads\/2019\/09\/7_Drug_edit_list_pol-576x1024.png\" alt=\"\" data-id=\"68\" data-link=\"http:\/\/stormlogic.pl\/aplikacje\/7_drug_edit_list_pol\" class=\"wp-image-68\" srcset=\"https:\/\/stormlogic.pl\/wp-content\/uploads\/2019\/09\/7_Drug_edit_list_pol-576x1024.png 576w, https:\/\/stormlogic.pl\/wp-content\/uploads\/2019\/09\/7_Drug_edit_list_pol-169x300.png 169w, https:\/\/stormlogic.pl\/wp-content\/uploads\/2019\/09\/7_Drug_edit_list_pol-768x1365.png 768w, https:\/\/stormlogic.pl\/wp-content\/uploads\/2019\/09\/7_Drug_edit_list_pol.png 1440w\" sizes=\"(max-width: 576px) 100vw, 576px\" \/><\/figure><\/li><li class=\"blocks-gallery-item\"><figure><img loading=\"lazy\" width=\"576\" height=\"1024\" src=\"http:\/\/stormlogic.pl\/wp-content\/uploads\/2019\/09\/8_Schedule_list_pol-576x1024.png\" alt=\"\" data-id=\"69\" data-link=\"http:\/\/stormlogic.pl\/aplikacje\/8_schedule_list_pol\" class=\"wp-image-69\" srcset=\"https:\/\/stormlogic.pl\/wp-content\/uploads\/2019\/09\/8_Schedule_list_pol-576x1024.png 576w, https:\/\/stormlogic.pl\/wp-content\/uploads\/2019\/09\/8_Schedule_list_pol-169x300.png 169w, https:\/\/stormlogic.pl\/wp-content\/uploads\/2019\/09\/8_Schedule_list_pol-768x1365.png 768w, https:\/\/stormlogic.pl\/wp-content\/uploads\/2019\/09\/8_Schedule_list_pol.png 1440w\" sizes=\"(max-width: 576px) 100vw, 576px\" \/><\/figure><\/li><li class=\"blocks-gallery-item\"><figure><img loading=\"lazy\" width=\"1024\" height=\"427\" src=\"http:\/\/stormlogic.pl\/wp-content\/uploads\/2019\/09\/bg_image_first_aid_case-1024x427.jpg\" alt=\"\" data-id=\"70\" data-link=\"http:\/\/stormlogic.pl\/aplikacje\/bg_image_first_aid_case\" class=\"wp-image-70\" srcset=\"https:\/\/stormlogic.pl\/wp-content\/uploads\/2019\/09\/bg_image_first_aid_case-1024x427.jpg 1024w, https:\/\/stormlogic.pl\/wp-content\/uploads\/2019\/09\/bg_image_first_aid_case-300x125.jpg 300w, https:\/\/stormlogic.pl\/wp-content\/uploads\/2019\/09\/bg_image_first_aid_case-768x320.jpg 768w\" sizes=\"(max-width: 767px) 89vw, (max-width: 1000px) 54vw, (max-width: 1071px) 543px, 580px\" \/><\/figure><\/li><\/ul>","protected":false},"excerpt":{"rendered":"<p>Domowa apteczka to aplikacja, kt\u00f3ra pomo\u017ce Ci kontrolowa\u0107 leki w domowej apteczce \ud83d\ude42 Zdarzy\u0142o Ci si\u0119 kiedy\u015b, \u017ce kupi\u0142e\u015b lek zalecony przez lekarza, a w domu czeka\u0142y od dawna cztery takie same? Albo nagle sko\u0144czy\u0142 Ci si\u0119 lek, kt\u00f3rzy bierzesz codziennie? Albo mo\u017ce zapomnia\u0142e\u015b wzi\u0105\u0107 lek, kt\u00f3ry powiniene\u015b bra\u0107 o danej porze? Domowa apteczka rozwi\u0105\u017ce &hellip; <\/p>\n<p class=\"link-more\"><a href=\"https:\/\/stormlogic.pl\/english\/homepharmacy\" class=\"more-link\">Continue reading<span class=\"screen-reader-text\"> &#8222;Domowa apteczka&#8221;<\/span><\/a><\/p>","protected":false},"author":1,"featured_media":0,"parent":0,"menu_order":0,"comment_status":"closed","ping_status":"closed","template":"","meta":[],"_links":{"self":[{"href":"https:\/\/stormlogic.pl\/english\/wp-json\/wp\/v2\/pages\/59"}],"collection":[{"href":"https:\/\/stormlogic.pl\/english\/wp-json\/wp\/v2\/pages"}],"about":[{"href":"https:\/\/stormlogic.pl\/english\/wp-json\/wp\/v2\/types\/page"}],"author":[{"embeddable":true,"href":"https:\/\/stormlogic.pl\/english\/wp-json\/wp\/v2\/users\/1"}],"replies":[{"embeddable":true,"href":"https:\/\/stormlogic.pl\/english\/wp-json\/wp\/v2\/comments?post=59"}],"version-history":[{"count":3,"href":"https:\/\/stormlogic.pl\/english\/wp-json\/wp\/v2\/pages\/59\/revisions"}],"predecessor-version":[{"id":89,"href":"https:\/\/stormlogic.pl\/english\/wp-json\/wp\/v2\/pages\/59\/revisions\/89"}],"wp:attachment":[{"href":"https:\/\/stormlogic.pl\/english\/wp-json\/wp\/v2\/media?parent=59"}],"curies":[{"name":"wp","href":"https:\/\/api.w.org\/{rel}","templated":true}]}}