{"id":13,"date":"2019-09-16T13:17:35","date_gmt":"2019-09-16T11:17:35","guid":{"rendered":"http:\/\/stormlogic.pl\/?page_id=13"},"modified":"2019-09-16T14:01:23","modified_gmt":"2019-09-16T12:01:23","slug":"contact","status":"publish","type":"page","link":"https:\/\/stormlogic.pl\/english\/contact","title":{"rendered":"Contact"},"content":{"rendered":"<div id=\"content\" class=\"site-content\">\n<div id=\"primary\" class=\"content-area\"><main id=\"main\" class=\"site-main\" role=\"main\"><\/p>\n<article id=\"panel2\" class=\"twentyseventeen-panel  post-45 page type-page status-publish has-post-thumbnail hentry\">\n<div class=\"panel-content\">\n<div class=\"wrap\">\n<div class=\"entry-content\">\n<p>If You\u2019re looking for someone to design Your system, gather and model requirements \u2013 look no more and contact us! \ud83d\ude42<\/p>\n<p><strong style=\"font-size: inherit;\">Mail<\/strong><\/p>\n<p><span style=\"font-size: inherit;\">dobrowolskistormlogic@gmail.com<\/span><\/p>\n<p><strong style=\"font-size: inherit;\">Cell<\/strong><\/p>\n<p><span style=\"font-size: inherit;\">+48 502 688 973<\/span><\/p>\n<\/div>\n<\/div>\n<\/div>\n<\/article>\n<p><\/main><\/div>\n<\/div>","protected":false},"excerpt":{"rendered":"<p>Je\u015bli szukasz pomocy z projektem Twojego systemu\/aplikacji, zebraniem i zamodelowaniem wymaga\u0144 &#8211; trafi\u0142e\u015b w dobre miejsce &#8211; daj nam zna\u0107! Mail dobrowolskistormlogic@gmail.com Telefon +48 502 688 973<\/p>","protected":false},"author":1,"featured_media":39,"parent":0,"menu_order":0,"comment_status":"closed","ping_status":"closed","template":"","meta":[],"_links":{"self":[{"href":"https:\/\/stormlogic.pl\/english\/wp-json\/wp\/v2\/pages\/13"}],"collection":[{"href":"https:\/\/stormlogic.pl\/english\/wp-json\/wp\/v2\/pages"}],"about":[{"href":"https:\/\/stormlogic.pl\/english\/wp-json\/wp\/v2\/types\/page"}],"author":[{"embeddable":true,"href":"https:\/\/stormlogic.pl\/english\/wp-json\/wp\/v2\/users\/1"}],"replies":[{"embeddable":true,"href":"https:\/\/stormlogic.pl\/english\/wp-json\/wp\/v2\/comments?post=13"}],"version-history":[{"count":9,"href":"https:\/\/stormlogic.pl\/english\/wp-json\/wp\/v2\/pages\/13\/revisions"}],"predecessor-version":[{"id":57,"href":"https:\/\/stormlogic.pl\/english\/wp-json\/wp\/v2\/pages\/13\/revisions\/57"}],"wp:featuredmedia":[{"embeddable":true,"href":"https:\/\/stormlogic.pl\/english\/wp-json\/wp\/v2\/media\/39"}],"wp:attachment":[{"href":"https:\/\/stormlogic.pl\/english\/wp-json\/wp\/v2\/media?parent=13"}],"curies":[{"name":"wp","href":"https:\/\/api.w.org\/{rel}","templated":true}]}}