{"id":12,"date":"2019-09-16T13:17:35","date_gmt":"2019-09-16T11:17:35","guid":{"rendered":"http:\/\/stormlogic.pl\/?page_id=12"},"modified":"2019-09-16T14:25:57","modified_gmt":"2019-09-16T12:25:57","slug":"about","status":"publish","type":"page","link":"https:\/\/stormlogic.pl\/english\/about","title":{"rendered":"About us"},"content":{"rendered":"<p>I have been working as business-system analyst for over 12 years now. During my career I have worked for large international companies, where I was responsible for:<\/p>\n<p><\/p>\n<p>Modelling business requirements<br \/>\nProviding business and system analysis<br \/>\nGathering detailed requirement both with individual stakeholders and cross-sections of client\/company\/subject matter expert groups<br \/>\nEliciting and analyzing information necessary to document system requirements, software specifications and functionality.<br \/>\nProviding support during user acceptance tests<br \/>\nProviding support to the development team<\/p>","protected":false},"excerpt":{"rendered":"<p>Pracuj\u0119 jako analityk biznesowo-systemowy ponad 12 lat. Wsp\u00f3\u0142pracowa\u0142em zar\u00f3wno z du\u017cymi mi\u0119dzynarodowymi korporacjami jak i mniejszymi firmami tworz\u0105cymi oprogramowanie. Specjalizuj\u0119 si\u0119 w: Modelowaniu wymaga\u0144 biznesowych Dostarczaniu analizy przy u\u017cyciu profesjonalnych narz\u0119dzi Zbieraniu szczeg\u00f3\u0142owych wymaga\u0144 zar\u00f3wno od indywidualnych interesariuszy, jak i grup eksperckich Wyszukiwaniu i zdobywaniu informacji niezb\u0119dnych do stworzenia kompletnej i szczeg\u00f3\u0142owej dokumentacji systemu Wsparciu &hellip; <\/p>\n<p class=\"link-more\"><a href=\"https:\/\/stormlogic.pl\/english\/about\" class=\"more-link\">Continue reading<span class=\"screen-reader-text\"> &#8222;O nas&#8221;<\/span><\/a><\/p>","protected":false},"author":1,"featured_media":37,"parent":0,"menu_order":0,"comment_status":"closed","ping_status":"closed","template":"","meta":[],"_links":{"self":[{"href":"https:\/\/stormlogic.pl\/english\/wp-json\/wp\/v2\/pages\/12"}],"collection":[{"href":"https:\/\/stormlogic.pl\/english\/wp-json\/wp\/v2\/pages"}],"about":[{"href":"https:\/\/stormlogic.pl\/english\/wp-json\/wp\/v2\/types\/page"}],"author":[{"embeddable":true,"href":"https:\/\/stormlogic.pl\/english\/wp-json\/wp\/v2\/users\/1"}],"replies":[{"embeddable":true,"href":"https:\/\/stormlogic.pl\/english\/wp-json\/wp\/v2\/comments?post=12"}],"version-history":[{"count":4,"href":"https:\/\/stormlogic.pl\/english\/wp-json\/wp\/v2\/pages\/12\/revisions"}],"predecessor-version":[{"id":58,"href":"https:\/\/stormlogic.pl\/english\/wp-json\/wp\/v2\/pages\/12\/revisions\/58"}],"wp:featuredmedia":[{"embeddable":true,"href":"https:\/\/stormlogic.pl\/english\/wp-json\/wp\/v2\/media\/37"}],"wp:attachment":[{"href":"https:\/\/stormlogic.pl\/english\/wp-json\/wp\/v2\/media?parent=12"}],"curies":[{"name":"wp","href":"https:\/\/api.w.org\/{rel}","templated":true}]}}