{"id":11,"date":"2019-09-16T13:17:35","date_gmt":"2019-09-16T11:17:35","guid":{"rendered":"http:\/\/stormlogic.pl\/?page_id=11"},"modified":"2019-09-16T14:00:22","modified_gmt":"2019-09-16T12:00:22","slug":"home","status":"publish","type":"page","link":"https:\/\/stormlogic.pl\/english\/","title":{"rendered":"Stormlogic"},"content":{"rendered":"<article id=\"post-52\" class=\"twentyseventeen-panel  post-52 page type-page status-publish hentry\">\n<div class=\"panel-content\">\n<div class=\"wrap\">\n<div class=\"entry-content\">\n<p>Introducing or changing computer system\/application is usually associated with problems, complications with communication and finally receiving something quite different than what was expected.<\/p>\n<p>It doesn\u2019t have to be that way \ud83d\ude42<\/p>\n<p>Really!<\/p>\n<p>What makes us different is the ability to discover users needs, his problems and challenges, to create a solution that will make his work easier.<\/p>\n<p>The design and specifications we create \u2013 will leave no room for misinterpretation or difference of opinions with the developer \ud83d\ude09<\/p>\n<p>If You\u2019re looking for someone to design Your system, gather and model requirements \u2013 look no more and contact us! \ud83d\ude42<\/p>\n<\/div>\n<\/div>\n<\/div>\n<\/article>","protected":false},"excerpt":{"rendered":"<p>Tworzenie aplikacji\/systemu kojarzy si\u0119 zwykle z problemami, trudno\u015bci\u0105 w komunikacji i koniec ko\u0144c\u00f3w z otrzymywaniem czego\u015b, co zupe\u0142nie nie spe\u0142nia oczekiwa\u0144 zamawiaj\u0105cego. Nie musi tak by\u0107 \ud83d\ude42 Naprawd\u0119! Tym co nas wyr\u00f3\u017cnia &#8211; jest umiej\u0119tno\u015b\u0107 odkrywania potrzeb u\u017cytkownika, jego problem\u00f3w i wyzwa\u0144 z kt\u00f3rymi si\u0119 spotyka, \u017ceby stworzy\u0107 rozwi\u0105zanie, kt\u00f3re u\u0142atwi prac\u0119. Stworzone przez nas &hellip; <\/p>\n<p class=\"link-more\"><a href=\"https:\/\/stormlogic.pl\/english\/\" class=\"more-link\">Continue reading<span class=\"screen-reader-text\"> &#8222;Stormlogic&#8221;<\/span><\/a><\/p>","protected":false},"author":1,"featured_media":0,"parent":0,"menu_order":0,"comment_status":"closed","ping_status":"closed","template":"","meta":[],"_links":{"self":[{"href":"https:\/\/stormlogic.pl\/english\/wp-json\/wp\/v2\/pages\/11"}],"collection":[{"href":"https:\/\/stormlogic.pl\/english\/wp-json\/wp\/v2\/pages"}],"about":[{"href":"https:\/\/stormlogic.pl\/english\/wp-json\/wp\/v2\/types\/page"}],"author":[{"embeddable":true,"href":"https:\/\/stormlogic.pl\/english\/wp-json\/wp\/v2\/users\/1"}],"replies":[{"embeddable":true,"href":"https:\/\/stormlogic.pl\/english\/wp-json\/wp\/v2\/comments?post=11"}],"version-history":[{"count":5,"href":"https:\/\/stormlogic.pl\/english\/wp-json\/wp\/v2\/pages\/11\/revisions"}],"predecessor-version":[{"id":54,"href":"https:\/\/stormlogic.pl\/english\/wp-json\/wp\/v2\/pages\/11\/revisions\/54"}],"wp:attachment":[{"href":"https:\/\/stormlogic.pl\/english\/wp-json\/wp\/v2\/media?parent=11"}],"curies":[{"name":"wp","href":"https:\/\/api.w.org\/{rel}","templated":true}]}}